
{"id":384,"date":"2020-11-25T12:20:45","date_gmt":"2020-11-25T11:20:45","guid":{"rendered":"https:\/\/przedszkole94.edu.wroclaw.pl\/?page_id=384"},"modified":"2026-03-11T13:00:04","modified_gmt":"2026-03-11T12:00:04","slug":"kontakt","status":"publish","type":"page","link":"https:\/\/przedszkole94.edu.wroclaw.pl\/index.php\/kontakt\/","title":{"rendered":"Kontakt"},"content":{"rendered":"<div class=\"wpb-content-wrapper\"><p>[vc_row][vc_column][vc_raw_html]JTNDaWZyYW1lJTIwc3JjJTNEJTIyaHR0cHMlM0ElMkYlMkZ3d3cuZ29vZ2xlLmNvbSUyRm1hcHMlMkZlbWJlZCUzRnBiJTNEJTIxMW0xOCUyMTFtMTIlMjExbTMlMjExZDMxMy4xODU3ODY2ODEyNzgyJTIxMmQxNi45OTg3NTk3MTY3NjgyODclMjEzZDUxLjA5OTQ4NzM2MDQzMTYxJTIxMm0zJTIxMWYwJTIxMmYwJTIxM2YwJTIxM20yJTIxMWkxMDI0JTIxMmk3NjglMjE0ZjEzLjElMjEzbTMlMjExbTIlMjExczB4NDcwZmMyMTk2YWQ5ZGFlNyUyNTNBMHgxOTMxYTg3MTA1MGE5YWRkJTIxMnNQcnplZHN6a29sZSUyNTIwbnIlMjUyMDk0LiUyNTIwUGxhc3R1c2lvd3klMjUyMERvbWVrJTIxNWUwJTIxM20yJTIxMXNwbCUyMTJzdXMlMjE0djE2MjA3MTg1MjE2MzIlMjE1bTIlMjExc3BsJTIxMnN1cyUyMiUyMHdpZHRoJTNEJTIyMTAwJTI1JTIyJTIwaGVpZ2h0JTNEJTIyNTAwJTIyJTIwZnJhbWVib3JkZXIlM0QlMjIwJTIyJTIwc3R5bGUlM0QlMjJib3JkZXIlM0EwJTNCJTIyJTIwYWxsb3dmdWxsc2NyZWVuJTNEJTIyJTIyJTIwYXJpYS1oaWRkZW4lM0QlMjJmYWxzZSUyMiUyMHRhYmluZGV4JTNEJTIyMCUyMiUzRSUzQyUyRmlmcmFtZSUzRQ==[\/vc_raw_html][\/vc_column][\/vc_row][vc_row][vc_column width=&#8221;1\/12&#8243;][\/vc_column][vc_column width=&#8221;1\/3&#8243;][vc_empty_space height=&#8221;180px&#8221;][vc_single_image image=&#8221;200&#8243; img_size=&#8221;full&#8221; alignment=&#8221;center&#8221;][\/vc_column][vc_column width=&#8221;1\/2&#8243;][vc_column_text]<\/p>\n<h1 style=\"text-align: center\"><span style=\"font-size: 42pt;color: #3176af\">Przedszkole nr 94<\/span><\/h1>\n<p>[\/vc_column_text][vc_separator color=&#8221;custom&#8221; border_width=&#8221;4&#8243; el_width=&#8221;50&#8243; css=&#8221;.vc_custom_1632478515006{margin-top: -30px !important;}&#8221; accent_color=&#8221;#3176af&#8221;][vc_column_text]<\/p>\n<p style=\"padding-left: 15px\">ul. Grabiszy\u0144ska 147<br \/>\n53-439 Wroc\u0142aw<\/p>\n<p>[\/vc_column_text][vc_column_text]<\/p>\n<p style=\"padding-left: 15px\">(71) 798 68 24 &#8211; \u0142\u0105czy z p. intendent lub wew. 102<br \/>\nwew. 101 &#8211; dyrektor &#8211; mgr Barbara Wi\u0119c\u0142awska<br \/>\nwew. 103 &#8211; referent<br \/>\nwew. 201 &#8211; \u0142\u0105czy z grup\u0105 I ( po godzinie 15)<\/p>\n<p>[\/vc_column_text][vc_column_text css=&#8221;&#8221;]<\/p>\n<p style=\"padding-left: 15px\">e-mail: sekretariat.p094@wroclawskaedukacja.pl<\/p>\n<p>Informujemy o mo\u017cliwo\u015bci kontaktu z plac\u00f3wk\u0105 przy u\u017cyciu elektronicznej Platformy Us\u0142ug Administracji Publicznej (ePUAP)<\/p>\n<p>AE:PL-54383-79968-AWFDF-26<\/p>\n<p>&nbsp;<\/p>\n<p>przedszkole_94.bip.gov.pl[\/vc_column_text][\/vc_column][\/vc_row]<\/p>\n<\/div>","protected":false},"excerpt":{"rendered":"<p>[vc_row][vc_column][vc_raw_html]JTNDaWZyYW1lJTIwc3JjJTNEJTIyaHR0cHMlM0ElMkYlMkZ3d3cuZ29vZ2xlLmNvbSUyRm1hcHMlMkZlbWJlZCUzRnBiJTNEJTIxMW0xOCUyMTFtMTIlMjExbTMlMjExZDMxMy4xODU3ODY2ODEyNzgyJTIxMmQxNi45OTg3NTk3MTY3NjgyODclMjEzZDUxLjA5OTQ4NzM2MDQzMTYxJTIxMm0zJTIxMWYwJTIxMmYwJTIxM2YwJTIxM20yJTIxMWkxMDI0JTIxMmk3NjglMjE0ZjEzLjElMjEzbTMlMjExbTIlMjExczB4NDcwZmMyMTk2YWQ5ZGFlNyUyNTNBMHgxOTMxYTg3MTA1MGE5YWRkJTIxMnNQcnplZHN6a29sZSUyNTIwbnIlMjUyMDk0LiUyNTIwUGxhc3R1c2lvd3klMjUyMERvbWVrJTIxNWUwJTIxM20yJTIxMXNwbCUyMTJzdXMlMjE0djE2MjA3MTg1MjE2MzIlMjE1bTIlMjExc3BsJTIxMnN1cyUyMiUyMHdpZHRoJTNEJTIyMTAwJTI1JTIyJTIwaGVpZ2h0JTNEJTIyNTAwJTIyJTIwZnJhbWVib3JkZXIlM0QlMjIwJTIyJTIwc3R5bGUlM0QlMjJib3JkZXIlM0EwJTNCJTIyJTIwYWxsb3dmdWxsc2NyZWVuJTNEJTIyJTIyJTIwYXJpYS1oaWRkZW4lM0QlMjJmYWxzZSUyMiUyMHRhYmluZGV4JTNEJTIyMCUyMiUzRSUzQyUyRmlmcmFtZSUzRQ==[\/vc_raw_html][\/vc_column][\/vc_row][vc_row][vc_column width=&#8221;1\/12&#8243;][\/vc_column][vc_column width=&#8221;1\/3&#8243;][vc_empty_space height=&#8221;180px&#8221;][vc_single_image image=&#8221;200&#8243; img_size=&#8221;full&#8221; alignment=&#8221;center&#8221;][\/vc_column][vc_column width=&#8221;1\/2&#8243;][vc_column_text] Przedszkole nr 94 [\/vc_column_text][vc_separator color=&#8221;custom&#8221; border_width=&#8221;4&#8243; el_width=&#8221;50&#8243; css=&#8221;.vc_custom_1632478515006{margin-top: -30px !important;}&#8221; accent_color=&#8221;#3176af&#8221;][vc_column_text] ul. Grabiszy\u0144ska 147 53-439 Wroc\u0142aw [\/vc_column_text][vc_column_text] (71) 798 68 24 &#8211; [&hellip;]<\/p>\n","protected":false},"author":7,"featured_media":0,"parent":0,"menu_order":0,"comment_status":"closed","ping_status":"closed","template":"","meta":{"ngg_post_thumbnail":0,"footnotes":""},"class_list":["post-384","page","type-page","status-publish","hentry","clearfix"],"_links":{"self":[{"href":"https:\/\/przedszkole94.edu.wroclaw.pl\/index.php\/wp-json\/wp\/v2\/pages\/384","targetHints":{"allow":["GET"]}}],"collection":[{"href":"https:\/\/przedszkole94.edu.wroclaw.pl\/index.php\/wp-json\/wp\/v2\/pages"}],"about":[{"href":"https:\/\/przedszkole94.edu.wroclaw.pl\/index.php\/wp-json\/wp\/v2\/types\/page"}],"author":[{"embeddable":true,"href":"https:\/\/przedszkole94.edu.wroclaw.pl\/index.php\/wp-json\/wp\/v2\/users\/7"}],"replies":[{"embeddable":true,"href":"https:\/\/przedszkole94.edu.wroclaw.pl\/index.php\/wp-json\/wp\/v2\/comments?post=384"}],"version-history":[{"count":38,"href":"https:\/\/przedszkole94.edu.wroclaw.pl\/index.php\/wp-json\/wp\/v2\/pages\/384\/revisions"}],"predecessor-version":[{"id":3403,"href":"https:\/\/przedszkole94.edu.wroclaw.pl\/index.php\/wp-json\/wp\/v2\/pages\/384\/revisions\/3403"}],"wp:attachment":[{"href":"https:\/\/przedszkole94.edu.wroclaw.pl\/index.php\/wp-json\/wp\/v2\/media?parent=384"}],"curies":[{"name":"wp","href":"https:\/\/api.w.org\/{rel}","templated":true}]}}