
{"id":375,"date":"2020-11-25T09:45:21","date_gmt":"2020-11-25T08:45:21","guid":{"rendered":"https:\/\/przedszkole94.edu.wroclaw.pl\/?page_id=375"},"modified":"2024-07-08T11:36:30","modified_gmt":"2024-07-08T09:36:30","slug":"oplaty","status":"publish","type":"page","link":"https:\/\/przedszkole94.edu.wroclaw.pl\/index.php\/oplaty\/","title":{"rendered":"Op\u0142aty"},"content":{"rendered":"<div class=\"wpb-content-wrapper\"><p>[vc_row][vc_column][vc_column_text css=&#8221;&#8221;]<\/p>\n<div>\n<p><strong>Z dniem<\/strong> <strong><u>1 stycznia 2024 r.<\/u><\/strong> <strong>op\u0142ata wnoszona przez rodzic\u00f3w (opiekun\u00f3w prawnych) dziecka, za surowce zu\u017cyte do przygotowania posi\u0142k\u00f3w zosta\u0142a<\/strong> <strong>ustalona i zatwierdzona przez Departament Edukacji na kwot\u0119<\/strong> <strong><u>12 z\u0142 dziennie.<\/u><br \/>\n<\/strong><\/p>\n<p><b>Od 1 wrze\u015bnia 2024 r. <\/b>wchodzi w \u017cycie Uchwa\u0142a nr III\/18\/24 Rady Miejskiej Wroc\u0142awia z dnia 6 czerwca 2024 r. w sprawie ustalenia czasu bezp\u0142atnego nauczania, wychowania i opieki oraz wysoko\u015bci op\u0142aty za korzystanie z wychowania przedszkolnego w publicznych przedszkolach i oddzia\u0142ach przedszkolnych w publicznych szko\u0142ach podstawowych prowadzonych przez gmin\u0119. Uchwa\u0142a zwi\u0119ksza wysoko\u015b\u0107 op\u0142aty za ka\u017cd\u0105 rozpocz\u0119t\u0105 godzin\u0119 faktycznego pobytu dziecka do kwoty <b>1,44 z\u0142<\/b>.<\/p>\n<p><b>Od 1 wrze\u015bnia 2023 r. <\/b>wchodzi w \u017cycie Uchwa\u0142a nr LXIX\/1791\/23 Rady Miejskiej Wroc\u0142awia z dnia 22 czerwca 2023 r. w sprawie ustalenia czasu bezp\u0142atnego nauczania, wychowania i opieki oraz wysoko\u015bci op\u0142aty za korzystanie z wychowania przedszkolnego w publicznych przedszkolach i oddzia\u0142ach przedszkolnych w publicznych szko\u0142ach podstawowych prowadzonych przez gmin\u0119. Uchwa\u0142a zwi\u0119ksza wysoko\u015b\u0107 op\u0142aty za ka\u017cd\u0105 rozpocz\u0119t\u0105 godzin\u0119 faktycznego pobytu dziecka do kwoty <b>1,30 z\u0142<\/b>.<\/p>\n<\/div>\n<div>\n<div>\n<p>Do dnia 15 -go ka\u017cdego miesi\u0105ca Rodzice s\u0105 zobowi\u0105zani wnie\u015b\u0107 op\u0142at\u0119 miesi\u0119czn\u0105 za pobyt dziecka w przedszkolu.<\/p>\n<p><strong>Op\u0142aty regulujemy wed\u0142ug informacji otrzymanych na maila.<\/strong><\/p>\n<p><strong>W tytule przelewu prosimy poda\u0107 imi\u0119 i nazwisko dziecka oraz numer przedszkola. <\/strong><\/p>\n<\/div>\n<\/div>\n<p>[\/vc_column_text][\/vc_column][\/vc_row]<\/p>\n<\/div>","protected":false},"excerpt":{"rendered":"<p>[vc_row][vc_column][vc_column_text css=&#8221;&#8221;] Z dniem 1 stycznia 2024 r. op\u0142ata wnoszona przez rodzic\u00f3w (opiekun\u00f3w prawnych) dziecka, za surowce zu\u017cyte do przygotowania posi\u0142k\u00f3w zosta\u0142a ustalona i zatwierdzona przez Departament Edukacji na kwot\u0119 [&hellip;]<\/p>\n","protected":false},"author":7,"featured_media":0,"parent":0,"menu_order":0,"comment_status":"closed","ping_status":"closed","template":"","meta":{"ngg_post_thumbnail":0,"footnotes":""},"class_list":["post-375","page","type-page","status-publish","hentry","clearfix"],"_links":{"self":[{"href":"https:\/\/przedszkole94.edu.wroclaw.pl\/index.php\/wp-json\/wp\/v2\/pages\/375","targetHints":{"allow":["GET"]}}],"collection":[{"href":"https:\/\/przedszkole94.edu.wroclaw.pl\/index.php\/wp-json\/wp\/v2\/pages"}],"about":[{"href":"https:\/\/przedszkole94.edu.wroclaw.pl\/index.php\/wp-json\/wp\/v2\/types\/page"}],"author":[{"embeddable":true,"href":"https:\/\/przedszkole94.edu.wroclaw.pl\/index.php\/wp-json\/wp\/v2\/users\/7"}],"replies":[{"embeddable":true,"href":"https:\/\/przedszkole94.edu.wroclaw.pl\/index.php\/wp-json\/wp\/v2\/comments?post=375"}],"version-history":[{"count":8,"href":"https:\/\/przedszkole94.edu.wroclaw.pl\/index.php\/wp-json\/wp\/v2\/pages\/375\/revisions"}],"predecessor-version":[{"id":2758,"href":"https:\/\/przedszkole94.edu.wroclaw.pl\/index.php\/wp-json\/wp\/v2\/pages\/375\/revisions\/2758"}],"wp:attachment":[{"href":"https:\/\/przedszkole94.edu.wroclaw.pl\/index.php\/wp-json\/wp\/v2\/media?parent=375"}],"curies":[{"name":"wp","href":"https:\/\/api.w.org\/{rel}","templated":true}]}}