
{"id":338,"date":"2020-11-24T09:59:54","date_gmt":"2020-11-24T08:59:54","guid":{"rendered":"https:\/\/przedszkole94.edu.wroclaw.pl\/?page_id=338"},"modified":"2025-09-19T09:32:24","modified_gmt":"2025-09-19T07:32:24","slug":"zajecia-dodatkowe","status":"publish","type":"page","link":"https:\/\/przedszkole94.edu.wroclaw.pl\/index.php\/zajecia-dodatkowe\/","title":{"rendered":"Zaj\u0119cia dodatkowe"},"content":{"rendered":"<div class=\"wpb-content-wrapper\"><p>[vc_row css=&#8221;.vc_custom_1606295777578{background: #3176af url(https:\/\/przedszkole94.edu.wroclaw.pl\/wp-content\/uploads\/sites\/47\/2020\/11\/bg-vector2.png?id=147) !important;}&#8221;][vc_column][vc_tta_tour][vc_tta_section title=&#8221;Plan zaj\u0119\u0107&#8221; tab_id=&#8221;1606208386632-93d99ebe-d73c&#8221;][vc_column_text css=&#8221;&#8221;]<\/p>\n<h2 class=\"subpageTitle\" style=\"text-align: center\"><span style=\"color: #3176af;font-family: verdana, geneva, sans-serif\"><span style=\"font-size: 24pt\">Plan zaj\u0119\u0107<\/span><\/span><\/h2>\n<div id=\"textDiv\" class=\"plainText\" data-gid=\"textDiv\">\n<p><span style=\"font-size: 14pt\">W naszym przedszkolu w roku szkolnym 2025\/2026 odbywaj\u0105 si\u0119 zaj\u0119cia dodatkowe: <\/span><\/p>\n<p><span style=\"font-size: 14pt\"><strong>Gimnastyka og\u00f3lnorozwojowa<br \/>\n<\/strong><\/span><\/p>\n<p><span style=\"font-size: 14pt\"><strong>Zaj\u0119cia z pedagogiem specjalnym, logopedyczne i psychologiczne\u00a0 <\/strong><\/span><\/p>\n<p><span style=\"font-size: 14pt\"><strong>J\u0119zyk angielski\u00a0<\/strong> <\/span><\/p>\n<p><span style=\"font-size: 14pt\"><strong>Koncerty muzyczne &#8222;Dziadek Bach&#8221;<\/strong> op\u0142acane przez Rad\u0119 Rodzic\u00f3w<\/span><\/p>\n<p><strong>Poniedzia\u0142ek<\/strong> &#8211; psycholog, j\u0119zyk angielski, gimnastyka og\u00f3lnorozwojowa<\/p>\n<p><strong>Wtorek<\/strong> &#8211; j\u0119zyk angielski, logopeda, pedagog specjalny<\/p>\n<\/div>\n<p><strong>\u015aroda<\/strong>&#8211; gimnastyka og\u00f3lnorozwojowa, Mali Wspaniali, logopeda, pedagog specjalny<\/p>\n<p><strong>Czwartek<\/strong> &#8211; koncerty muzyczne &#8222;Dziadek Bach&#8221; raz w miesi\u0105cu<\/p>\n<p><strong>Pi\u0105tek<\/strong> &#8211; logopeda, psycholog, rytmika raz w miesi\u0105cu, zaj\u0119cia z ZUMBY raz w miesi\u0105cu<\/p>\n<p><strong>\u00a0<\/strong>[\/vc_column_text][\/vc_tta_section][vc_tta_section title=&#8221;Gimnastyka&#8221; tab_id=&#8221;1606208386662-1cb2d05e-1b23&#8243;][vc_column_text]<\/p>\n<h2 class=\"subpageTitle\" style=\"text-align: center\"><span style=\"color: #3176af\"><strong><span style=\"font-size: 24pt\">Gimnastyka<\/span><\/strong><\/span><\/h2>\n<div id=\"textDiv\" class=\"plainText\" data-gid=\"textDiv\">\n<p style=\"text-align: left\"><img loading=\"lazy\" decoding=\"async\" class=\"alignleft wp-image-410\" src=\"https:\/\/przedszkole94.edu.wroclaw.pl\/wp-content\/uploads\/sites\/47\/2020\/11\/jezyk_gimnastyka-300x289.jpg\" alt=\"element dekoracyjny przedstawiaj\u0105cy \u0107wicz\u0105cego je\u017ca\" width=\"132\" height=\"127\" \/><span style=\"font-size: 14pt\">Dzieci uwielbiaj\u0105 ruch. Przedszkolaki kipi\u0105 wprost energi\u0105, a zaj\u0119cia ruchowe s\u0105 wspania\u0142\u0105 okazj\u0105 do wykorzystania jej nadmiaru i skierowania na w\u0142a\u015bciwe tory. Dyscyplinuj\u0105 one grup\u0119, ucz\u0105 dzieci wsp\u00f3\u0142dzia\u0142ania i integruj\u0105 grup\u0119. \u015awietnie rozwijaj\u0105 orientacj\u0119 w schemacie w\u0142asnego cia\u0142a oraz w przestrzeni wok\u00f3\u0142 dziecka.<\/span><\/p>\n<p><span style=\"font-size: 14pt\">Dlatego tez w naszym przedszkolu ka\u017cda grupa uczestniczy w zaj\u0119ciach ruchowych organizowanych przez nauczycielki grup oraz w zaj\u0119ciach gimnastycznych pod okiem nauczyciela specjalisty &#8211; pani Agnieszki.<\/span><\/p>\n<p><span style=\"font-size: 14pt\">Zaj\u0119cia z gimnastyki korekcyjno \u2013 kompensacyjnej prowadzone s\u0105 w sali specjalnie do nich przystosowanej. Dzi\u0119ki tym \u0107wiczeniom dziecko d\u0105\u017cy do uzyskania prawid\u0142owej postawy cia\u0142a oraz korygowania w\u0142asnej sylwetki w r\u00f3\u017cnych pozycjach. Zaj\u0119cia s\u0105 urozmaicone poprzez wprowadzenie du\u017cej ilo\u015bci zabaw dla dzieci. Podczas zaj\u0119\u0107 dzieci wyrabiaj\u0105 \u015bwiadomo\u015b\u0107 potrzeby utrzymania prawid\u0142owej postawy cia\u0142a w trakcie \u0107wicze\u0144 i wszelkich codziennych czynno\u015bci. Dzieci zdobywaj\u0105 umiej\u0119tno\u015b\u0107 zastosowania \u0107wicze\u0144 oddechowych og\u00f3lnych (\u201eodruchowe\u201d) i specjalnych, kt\u00f3re stosuj\u0105 w czasie wykonywania \u0107wicze\u0144, w kt\u00f3rych bierze udzia\u0142 \u015bwiadomo\u015b\u0107.<\/span><\/p>\n<p><span style=\"font-size: 14pt\">\u0106wiczenia gimnastyczne kszta\u0142tuj\u0105ce oraz uzupe\u0142niaj\u0105ce s\u0105 dostosowane odpowiednio do rodzaju wady, wieku oraz mo\u017cliwo\u015bci dzieci. Zaj\u0119cia prowadzone s\u0105 zgodnie z tokiem lekcji gimnastyki korekcyjnej. \u00a0<\/span><\/p>\n<\/div>\n<p>[\/vc_column_text][\/vc_tta_section][vc_tta_section title=&#8221;Zaj\u0119cia logopedyczne&#8221; tab_id=&#8221;1606469595449-e7732ad4-3acd&#8221;][vc_column_text]<\/p>\n<h2 class=\"subpageTitle\" style=\"text-align: center\"><span style=\"color: #3176af\"><strong><span style=\"font-size: 24pt\">Zaj\u0119cia logopedyczne<\/span><\/strong><\/span><\/h2>\n<p><span style=\"font-size: 14pt\"><img loading=\"lazy\" decoding=\"async\" class=\"alignleft wp-image-411\" src=\"https:\/\/przedszkole94.edu.wroclaw.pl\/wp-content\/uploads\/sites\/47\/2020\/11\/logopedia.gif\" alt=\"Element dekoracyjny typu clipart\" width=\"156\" height=\"168\" \/>W\u015br\u00f3d dzieci w wieku przedszkolnym spor\u0105 grup\u0119 stanowi\u0105 dzieci z wadami wymowy.<\/span><\/p>\n<p><span style=\"font-size: 14pt\">Co roku we wrze\u015bniu rozpoczynamy badania mowy naszych wychowank\u00f3w.<\/span><\/p>\n<p><span style=\"font-size: 14pt\">Celem bada\u0144 jest wy\u0142onienie dzieci wymagaj\u0105cych opieki logopedycznej.\u00a0<\/span><\/p>\n<p>&nbsp;<\/p>\n<p><span style=\"font-size: 14pt\">Ka\u017cdy przedszkolak spotka si\u0119 z logoped\u0105 w celu zdiagnozowania mowy i nie tylko. Badanie logopedyczne obejmuje:\u00a0<\/span><\/p>\n<p><span style=\"font-size: 14pt\">\u2022 Orientacyjne badanie s\u0142uchu fizjologicznego\u00a0<\/span><br \/>\n<span style=\"font-size: 14pt\">\u2022 Badanie sprawno\u015bci artykulator\u00f3w\u00a0<\/span><br \/>\n<span style=\"font-size: 14pt\">\u2022 Badanie p\u0142ynno\u015bci mowy\u00a0<\/span><br \/>\n<span style=\"font-size: 14pt\">\u2022 Badanie nadawania i rozumienia mowy\u00a0<\/span><br \/>\n<span style=\"font-size: 14pt\">\u2022 Badanie funkcji po\u0142ykowej i oddechowej\u00a0<\/span><br \/>\n<span style=\"font-size: 14pt\">\u2022 Badanie budowy aparatu artykulacyjnego<\/span><br \/>\n<span style=\"font-size: 14pt\">\u2022 Badanie s\u0142uchu fonematycznego\u00a0<\/span><br \/>\n<span style=\"font-size: 14pt\">W razie potrzeby rodzice dziecka sa informowani o konieczno\u015bci dodatkowych bada\u0144 specjalistycznych.\u00a0<\/span><\/p>\n<p><span style=\"font-size: 14pt\">Zaj\u0119cia logopedyczne prowadzi pani Danusia.<\/span><\/p>\n<p><span style=\"font-size: 14pt\"><u>W ci\u0105gu ca\u0142ego roku szkolnego realizowane dwa razy w tygodniu zaj\u0119cia indywdualne dla dzieci z wadami wymowy.<\/u><\/span><\/p>\n<p><span style=\"font-size: 14pt\"><u>Ka\u017cda z nauczycielek prowadzi w czasie zaj\u0119\u0107 edukacyjnych zabawy i \u0107wiczenia z elementami logopedii maj\u0105ce na calu usprawnienie i rozw\u00f3j mowy wszystkich dzieci.\u00a0<\/u><\/span><\/p>\n<div id=\"textDiv\" class=\"plainText\" data-gid=\"textDiv\"><\/div>\n<p>[\/vc_column_text][\/vc_tta_section][vc_tta_section title=&#8221;J\u0119zyk angielski&#8221; tab_id=&#8221;1606471348300-1d499a4d-c058&#8243;][vc_column_text]<\/p>\n<h2 class=\"subpageTitle\" style=\"text-align: center\"><span style=\"color: #3176af\"><strong><span style=\"font-size: 24pt\">J\u0119zyk angielski<\/span><\/strong><\/span><\/h2>\n<p><span style=\"font-size: 14pt\">Kontakt z j\u0119zykiem angielskim w przedszkolu daje dzieciom szanse nabycia pozytywnych do\u015bwiadcze\u0144 i rozwini\u0119cia motywacji do nauki w p\u00f3\u017aniejszej edukacji szkolnej.\u00a0 Dzieci w czasie zaj\u0119\u0107 ucz\u0105 si\u0119 poprzez zabaw\u0119 &#8211; piosenek i\u00a0rymowanek, os\u0142uchuj\u0105 si\u0119 z j\u0119zykiem oraz ucz\u0105 s\u0142owek i podstawowych zwrot\u00f3w w j\u0119zyku angielskim.<\/span>[\/vc_column_text][\/vc_tta_section][vc_tta_section title=&#8221;Religia&#8221; tab_id=&#8221;1606471500082-086c4d87-6681&#8243;][vc_column_text css=&#8221;&#8221;]<\/p>\n<h2 class=\"subpageTitle\" style=\"text-align: center\"><span style=\"color: #3176af\"><strong><span style=\"font-size: 24pt\">Religia<\/span><\/strong><\/span><\/h2>\n<p><span style=\"font-size: 14pt\">Dla wszystkich ch\u0119tnych w naszym przedszkolu prowadzone s\u0105 zaj\u0119cia z religii rzymsko &#8211; katolickiej. Pani katechetka w przyjazny <\/span><span style=\"font-size: 14pt\">i radosny spos\u00f3b wprowadza dzieci w \u015bwiat wiary i zasad religii. Przez zabaw\u0119, \u015bpiew i rozmowy dzieci poznaj\u0105 Boga oraz chrze\u015bcija\u0144skie warto\u015bci moralne. <\/span>[\/vc_column_text][\/vc_tta_section][vc_tta_section title=&#8221;Mali wspaniali&#8221; tab_id=&#8221;1606471501115-e3b00ed6-2569&#8243;][vc_column_text]<\/p>\n<h2 class=\"subpageTitle\" style=\"text-align: center\"><span style=\"color: #3176af\"><strong><span style=\"font-size: 24pt\">Mali wspaniali<\/span><\/strong><\/span><\/h2>\n<div id=\"textDiv\" class=\"plainText\" data-gid=\"textDiv\">\n<p><img loading=\"lazy\" decoding=\"async\" class=\"alignleft wp-image-415\" src=\"https:\/\/przedszkole94.edu.wroclaw.pl\/wp-content\/uploads\/sites\/47\/2020\/11\/maly-wspanialy-duze-300x300.jpg\" alt=\"element dekoracyjny przedstawiaj\u0105cy logo zaj\u0119\u0107 mali wspaniali\" width=\"242\" height=\"242\" \/><span style=\"font-size: 14pt\">Podstawowe cele programu to wspomaganie harmonijnego rozwoju<\/span><\/p>\n<p><span style=\"font-size: 14pt\">organizmu dziecka,\u00a0 kszta\u0142towanie nawyk\u00f3w prawid\u0142owej postawy cia\u0142a<\/span><\/p>\n<p><span style=\"font-size: 14pt\">i rozwijanie poczucia w\u0142asnej warto\u015bci oraz promocja aktywno\u015bci<\/span><\/p>\n<p><span style=\"font-size: 14pt\">fizycznej i nawyk\u00f3w zwi\u0105zanych ze zdrowym trybem \u017cycia, w tym<\/span><\/p>\n<p><span style=\"font-size: 14pt\">tak\u017ce racjonalnego od\u017cywiania.<\/span><\/p>\n<p>&nbsp;<\/p>\n<p><span style=\"font-size: 14pt\">Program \u201eMali wspaniali\u201d jest elementem \u201edziedzictwa\u201d The World<\/span><\/p>\n<p><span style=\"font-size: 14pt\">Games 2017. Jednym z g\u0142\u00f3wnych cel\u00f3w wroc\u0142awskich Igrzysk jest zach\u0119cenie mieszka\u0144c\u00f3w, tak\u017ce tych<\/span><\/p>\n<p><span style=\"font-size: 14pt\">najm\u0142odszych, do aktywnego sp\u0119dzania wolnego czasu. Organizatorami projektu s\u0105 Departament<\/span><\/p>\n<p><span style=\"font-size: 14pt\">Edukacji Urz\u0119du Miejskiego Wroc\u0142awia i Wroc\u0142awski Komitet Organizacyjny The World Games 2017.<\/span><\/p>\n<p><span style=\"font-size: 14pt\">Partnerem naukowym jest Akademia Wychowania Fizycznego we Wroc\u0142awiu a partnerem wykonawczym<\/span><\/p>\n<p><span style=\"font-size: 14pt\">Fundacja sportowo &#8211; edukacyjna Infinity.<\/span><\/p>\n<p><span style=\"font-size: 14pt\">(<a href=\"https:\/\/www.wroclaw.pl\/mali-wspaniali-podsumowanie-programu\" target=\"_blank\" rel=\"noopener noreferrer\">https:\/\/www.wroclaw.pl\/mali-wspaniali-podsumowanie-programu<\/a>)<\/span><\/p>\n<\/div>\n<p>[\/vc_column_text][\/vc_tta_section][vc_tta_section title=&#8221;Muzyczny \u015awiat Dziadka Bacha&#8221; tab_id=&#8221;1606471502012-15662059-8976&#8243;][vc_column_text]<\/p>\n<h2 style=\"text-align: left\"><span style=\"color: #3176af\"><strong><span style=\"font-size: 24pt\">Muzyczny \u015awiat Dziadka Bacha<\/span><\/strong><\/span><\/h2>\n<p>Koncerty edukacyjne, kt\u00f3rych celem jest uwra\u017cliwienie dzieci na pi\u0119kno muzyki, w spos\u00f3b profesjonalny, a zarazem przyst\u0119pny, ciekawy i odpowiedni do wieku dzieci. Koncerty do kontakt z \u017cyw\u0105 muzyk\u0105, prowadzone w formie weso\u0142ej zabawy uwielbianej przez dzieci.<\/p>\n<p>Prowadz\u0105cy koncerty Pan Tadeusz Nestorowicz jest profesjonalnym i ceniony we Wroc\u0142awiu muzykiem i pedagogiem. W ka\u017cd\u0105 niedziele w po\u0142udnie Pan Tadeusz gra hejna\u0142 z wie\u017cy wroc\u0142awskiego Ratusza.<\/p>\n<p>Koncerty odbywaj\u0105 si\u0119 raz w miesi\u0105cu i finansowane s\u0105 z funduszy Rady Rodzic\u00f3w.<\/p>\n<p>W koncertach Dziadka Bacha bior\u0105 udzia\u0142 wszystkie grupy przedszkolne.<\/p>\n<p><span style=\"font-size: 14pt\"><strong>\u00a0<\/strong><\/span>[\/vc_column_text][\/vc_tta_section][vc_tta_section title=&#8221;Konsultacje nauczycieli specjalist\u00f3w&#8221; tab_id=&#8221;1606471503085-2210808c-a7dd&#8221;][vc_column_text]<\/p>\n<h2 class=\"subpageTitle\" style=\"text-align: center\"><span style=\"color: #3176af\"><strong><span style=\"font-size: 24pt\">Konsultacje nauczycieli specjalist\u00f3w<\/span><\/strong><\/span><\/h2>\n<p><span style=\"font-size: 14pt\"><strong>HARMONOGRAM KONSULATACJI DLA RODZIC\u00d3W<\/strong><\/span><span style=\"font-size: 14pt\"><strong>\u00a0NAUCZYCIELI SPECJALIST\u00d3W <\/strong><\/span><\/p>\n<p><span style=\"font-size: 14pt\"><strong>Odsy\u0142amy Pa\u0144stwa do tablicy informacyjnej w holu Przedszkola, na kt\u00f3rej<\/strong><\/span><\/p>\n<p><span style=\"font-size: 14pt\"><strong>wywieszane aktualne terminy konsultacji.<\/strong><\/span>[\/vc_column_text][\/vc_tta_section][\/vc_tta_tour][\/vc_column][\/vc_row]<\/p>\n<\/div>","protected":false},"excerpt":{"rendered":"<p>[vc_row css=&#8221;.vc_custom_1606295777578{background: #3176af url(https:\/\/przedszkole94.edu.wroclaw.pl\/wp-content\/uploads\/sites\/47\/2020\/11\/bg-vector2.png?id=147) !important;}&#8221;][vc_column][vc_tta_tour][vc_tta_section title=&#8221;Plan zaj\u0119\u0107&#8221; tab_id=&#8221;1606208386632-93d99ebe-d73c&#8221;][vc_column_text css=&#8221;&#8221;] Plan zaj\u0119\u0107 W naszym przedszkolu w roku szkolnym 2025\/2026 odbywaj\u0105 si\u0119 zaj\u0119cia dodatkowe: Gimnastyka og\u00f3lnorozwojowa Zaj\u0119cia z pedagogiem specjalnym, logopedyczne i [&hellip;]<\/p>\n","protected":false},"author":7,"featured_media":0,"parent":0,"menu_order":0,"comment_status":"closed","ping_status":"closed","template":"","meta":{"ngg_post_thumbnail":0,"footnotes":""},"class_list":["post-338","page","type-page","status-publish","hentry","clearfix"],"_links":{"self":[{"href":"https:\/\/przedszkole94.edu.wroclaw.pl\/index.php\/wp-json\/wp\/v2\/pages\/338","targetHints":{"allow":["GET"]}}],"collection":[{"href":"https:\/\/przedszkole94.edu.wroclaw.pl\/index.php\/wp-json\/wp\/v2\/pages"}],"about":[{"href":"https:\/\/przedszkole94.edu.wroclaw.pl\/index.php\/wp-json\/wp\/v2\/types\/page"}],"author":[{"embeddable":true,"href":"https:\/\/przedszkole94.edu.wroclaw.pl\/index.php\/wp-json\/wp\/v2\/users\/7"}],"replies":[{"embeddable":true,"href":"https:\/\/przedszkole94.edu.wroclaw.pl\/index.php\/wp-json\/wp\/v2\/comments?post=338"}],"version-history":[{"count":30,"href":"https:\/\/przedszkole94.edu.wroclaw.pl\/index.php\/wp-json\/wp\/v2\/pages\/338\/revisions"}],"predecessor-version":[{"id":3055,"href":"https:\/\/przedszkole94.edu.wroclaw.pl\/index.php\/wp-json\/wp\/v2\/pages\/338\/revisions\/3055"}],"wp:attachment":[{"href":"https:\/\/przedszkole94.edu.wroclaw.pl\/index.php\/wp-json\/wp\/v2\/media?parent=338"}],"curies":[{"name":"wp","href":"https:\/\/api.w.org\/{rel}","templated":true}]}}