
{"id":2643,"date":"2024-02-06T09:47:45","date_gmt":"2024-02-06T08:47:45","guid":{"rendered":"https:\/\/przedszkole94.edu.wroclaw.pl\/?page_id=2643"},"modified":"2026-01-28T13:54:42","modified_gmt":"2026-01-28T12:54:42","slug":"zamowienia-publiczne","status":"publish","type":"page","link":"https:\/\/przedszkole94.edu.wroclaw.pl\/index.php\/zamowienia-publiczne\/","title":{"rendered":"Zam\u00f3wienia publiczne"},"content":{"rendered":"<div class=\"wpb-content-wrapper\"><p>[vc_row][vc_column][vc_column_text css=&#8221;&#8221;]https:\/\/ezamowienia.gov.pl\/mp-client\/search\/list\/ocds-148610-a2acd845-7dab-11ee-9aa3-96d3b4440790<\/p>\n<p>&nbsp;<\/p>\n<p><a href=\"https:\/\/przedszkole94.edu.wroclaw.pl\/wp-content\/uploads\/sites\/47\/2026\/01\/plan-postepowan-o-udzielenie-zamowien-na-rok-2026.pdf\">plan post\u0119powa\u0144 o udzielenie zam\u00f3wie\u0144 na rok 2026<\/a>[\/vc_column_text][\/vc_column][\/vc_row]<\/p>\n<\/div>","protected":false},"excerpt":{"rendered":"<p>[vc_row][vc_column][vc_column_text css=&#8221;&#8221;]https:\/\/ezamowienia.gov.pl\/mp-client\/search\/list\/ocds-148610-a2acd845-7dab-11ee-9aa3-96d3b4440790 &nbsp; plan post\u0119powa\u0144 o udzielenie zam\u00f3wie\u0144 na rok 2026[\/vc_column_text][\/vc_column][\/vc_row]<\/p>\n","protected":false},"author":7,"featured_media":0,"parent":0,"menu_order":0,"comment_status":"closed","ping_status":"closed","template":"","meta":{"ngg_post_thumbnail":0,"footnotes":""},"class_list":["post-2643","page","type-page","status-publish","hentry","clearfix"],"_links":{"self":[{"href":"https:\/\/przedszkole94.edu.wroclaw.pl\/index.php\/wp-json\/wp\/v2\/pages\/2643","targetHints":{"allow":["GET"]}}],"collection":[{"href":"https:\/\/przedszkole94.edu.wroclaw.pl\/index.php\/wp-json\/wp\/v2\/pages"}],"about":[{"href":"https:\/\/przedszkole94.edu.wroclaw.pl\/index.php\/wp-json\/wp\/v2\/types\/page"}],"author":[{"embeddable":true,"href":"https:\/\/przedszkole94.edu.wroclaw.pl\/index.php\/wp-json\/wp\/v2\/users\/7"}],"replies":[{"embeddable":true,"href":"https:\/\/przedszkole94.edu.wroclaw.pl\/index.php\/wp-json\/wp\/v2\/comments?post=2643"}],"version-history":[{"count":5,"href":"https:\/\/przedszkole94.edu.wroclaw.pl\/index.php\/wp-json\/wp\/v2\/pages\/2643\/revisions"}],"predecessor-version":[{"id":3325,"href":"https:\/\/przedszkole94.edu.wroclaw.pl\/index.php\/wp-json\/wp\/v2\/pages\/2643\/revisions\/3325"}],"wp:attachment":[{"href":"https:\/\/przedszkole94.edu.wroclaw.pl\/index.php\/wp-json\/wp\/v2\/media?parent=2643"}],"curies":[{"name":"wp","href":"https:\/\/api.w.org\/{rel}","templated":true}]}}