
{"id":1427,"date":"2021-11-15T12:25:47","date_gmt":"2021-11-15T11:25:47","guid":{"rendered":"https:\/\/przedszkole94.edu.wroclaw.pl\/?page_id=1427"},"modified":"2024-11-28T09:42:47","modified_gmt":"2024-11-28T08:42:47","slug":"wspolpraca-ze-srodowiskiem-lokalnym","status":"publish","type":"page","link":"https:\/\/przedszkole94.edu.wroclaw.pl\/index.php\/wspolpraca-ze-srodowiskiem-lokalnym\/","title":{"rendered":"Wsp\u00f3\u0142praca ze \u015brodowiskiem lokalnym"},"content":{"rendered":"<div class=\"wpb-content-wrapper\"><p>[vc_row][vc_column][vc_wp_text][\/vc_wp_text][\/vc_column][\/vc_row][vc_row][vc_column css=&#8221;.vc_custom_1606295300908{background: #3176af url(https:\/\/przedszkole94.edu.wroclaw.pl\/wp-content\/uploads\/sites\/47\/2020\/11\/bg-vector2.png?id=147) !important;}&#8221;][vc_tta_tabs color=&#8221;white&#8221; active_section=&#8221;1&#8243;][vc_tta_section title=&#8221;Centrum Historii Zajezdnia&#8221; tab_id=&#8221;1673508698292-41f3d45d-ca67&#8243;][vc_column_text css=&#8221;&#8221;]\u00a0[\/vc_column_text][\/vc_tta_section][vc_tta_section title=&#8221;Rada Osiedla&#8221; tab_id=&#8221;1605250703334-8a76a989-054b&#8221;][vc_column_text css=&#8221;&#8221;][\/vc_column_text][\/vc_tta_section][vc_tta_section title=&#8221;Fundacje&#8221; tab_id=&#8221;1605250266111-837ee8f6-d1a9&#8243;][vc_column_text]<\/p>\n<h2><span style=\"font-size: 24pt;color: #3176af\">Fundacje<br \/>\n<\/span><\/h2>\n<p>[\/vc_column_text][\/vc_tta_section][vc_tta_section title=&#8221;Wsp\u00f3\u0142praca z organizacjami pozarz\u0105dowymi&#8221; tab_id=&#8221;1605250654181-98c19635-999c&#8221;][vc_column_text css=&#8221;&#8221;]<\/p>\n<h2><\/h2>\n<p>[\/vc_column_text][\/vc_tta_section][\/vc_tta_tabs][\/vc_column][\/vc_row]<\/p>\n<\/div>","protected":false},"excerpt":{"rendered":"<p>[vc_row][vc_column][vc_wp_text][\/vc_wp_text][\/vc_column][\/vc_row][vc_row][vc_column css=&#8221;.vc_custom_1606295300908{background: #3176af url(https:\/\/przedszkole94.edu.wroclaw.pl\/wp-content\/uploads\/sites\/47\/2020\/11\/bg-vector2.png?id=147) !important;}&#8221;][vc_tta_tabs color=&#8221;white&#8221; active_section=&#8221;1&#8243;][vc_tta_section title=&#8221;Centrum Historii Zajezdnia&#8221; tab_id=&#8221;1673508698292-41f3d45d-ca67&#8243;][vc_column_text css=&#8221;&#8221;]\u00a0[\/vc_column_text][\/vc_tta_section][vc_tta_section title=&#8221;Rada Osiedla&#8221; tab_id=&#8221;1605250703334-8a76a989-054b&#8221;][vc_column_text css=&#8221;&#8221;][\/vc_column_text][\/vc_tta_section][vc_tta_section title=&#8221;Fundacje&#8221; tab_id=&#8221;1605250266111-837ee8f6-d1a9&#8243;][vc_column_text] Fundacje [\/vc_column_text][\/vc_tta_section][vc_tta_section title=&#8221;Wsp\u00f3\u0142praca z organizacjami pozarz\u0105dowymi&#8221; tab_id=&#8221;1605250654181-98c19635-999c&#8221;][vc_column_text css=&#8221;&#8221;] [\/vc_column_text][\/vc_tta_section][\/vc_tta_tabs][\/vc_column][\/vc_row]<\/p>\n","protected":false},"author":175,"featured_media":0,"parent":0,"menu_order":0,"comment_status":"closed","ping_status":"closed","template":"","meta":{"ngg_post_thumbnail":0,"footnotes":""},"class_list":["post-1427","page","type-page","status-publish","hentry","clearfix"],"_links":{"self":[{"href":"https:\/\/przedszkole94.edu.wroclaw.pl\/index.php\/wp-json\/wp\/v2\/pages\/1427","targetHints":{"allow":["GET"]}}],"collection":[{"href":"https:\/\/przedszkole94.edu.wroclaw.pl\/index.php\/wp-json\/wp\/v2\/pages"}],"about":[{"href":"https:\/\/przedszkole94.edu.wroclaw.pl\/index.php\/wp-json\/wp\/v2\/types\/page"}],"author":[{"embeddable":true,"href":"https:\/\/przedszkole94.edu.wroclaw.pl\/index.php\/wp-json\/wp\/v2\/users\/175"}],"replies":[{"embeddable":true,"href":"https:\/\/przedszkole94.edu.wroclaw.pl\/index.php\/wp-json\/wp\/v2\/comments?post=1427"}],"version-history":[{"count":14,"href":"https:\/\/przedszkole94.edu.wroclaw.pl\/index.php\/wp-json\/wp\/v2\/pages\/1427\/revisions"}],"predecessor-version":[{"id":2858,"href":"https:\/\/przedszkole94.edu.wroclaw.pl\/index.php\/wp-json\/wp\/v2\/pages\/1427\/revisions\/2858"}],"wp:attachment":[{"href":"https:\/\/przedszkole94.edu.wroclaw.pl\/index.php\/wp-json\/wp\/v2\/media?parent=1427"}],"curies":[{"name":"wp","href":"https:\/\/api.w.org\/{rel}","templated":true}]}}